{"id":1548,"date":"2025-03-03T12:06:11","date_gmt":"2025-03-03T12:06:11","guid":{"rendered":"https:\/\/centrehipicranch.com\/?page_id=1548"},"modified":"2025-06-12T19:31:46","modified_gmt":"2025-06-12T19:31:46","slug":"reserva","status":"publish","type":"page","link":"https:\/\/centrehipicranch.com\/en\/reserva\/","title":{"rendered":"Reservation"},"content":{"rendered":"<div data-elementor-type=\"wp-page\" data-elementor-id=\"1548\" class=\"elementor elementor-1548\">\n\t\t\t\t\t\t<section class=\"elementor-section elementor-top-section elementor-element elementor-element-7ab42b8 elementor-section-stretched elementor-section-boxed elementor-section-height-default elementor-section-height-default\" data-id=\"7ab42b8\" data-element_type=\"section\" data-settings=\"{&quot;stretch_section&quot;:&quot;section-stretched&quot;,&quot;background_background&quot;:&quot;gradient&quot;}\">\n\t\t\t\t\t\t<div class=\"elementor-container elementor-column-gap-default\">\n\t\t\t\t\t<div class=\"elementor-column elementor-col-100 elementor-top-column elementor-element elementor-element-e5fb3a3\" data-id=\"e5fb3a3\" data-element_type=\"column\">\n\t\t\t<div class=\"elementor-widget-wrap elementor-element-populated\">\n\t\t\t\t\t\t<div class=\"elementor-element elementor-element-ab4bd80 elementor-widget elementor-widget-heading\" data-id=\"ab4bd80\" data-element_type=\"widget\" data-widget_type=\"heading.default\">\n\t\t\t\t<div class=\"elementor-widget-container\">\n\t\t\t\t\t<h2 class=\"elementor-heading-title elementor-size-default\">Reserve your place!<\/h2>\t\t\t\t<\/div>\n\t\t\t\t<\/div>\n\t\t\t\t<div class=\"elementor-element elementor-element-82694b7 elementor-hidden-mobile elementor-widget elementor-widget-spacer\" data-id=\"82694b7\" data-element_type=\"widget\" data-widget_type=\"spacer.default\">\n\t\t\t\t<div class=\"elementor-widget-container\">\n\t\t\t\t\t\t\t<div class=\"elementor-spacer\">\n\t\t\t<div class=\"elementor-spacer-inner\"><\/div>\n\t\t<\/div>\n\t\t\t\t\t\t<\/div>\n\t\t\t\t<\/div>\n\t\t\t\t\t<\/div>\n\t\t<\/div>\n\t\t\t\t\t<\/div>\n\t\t<\/section>\n\t\t\t\t<section class=\"elementor-section elementor-top-section elementor-element elementor-element-e71ce92 elementor-section-boxed elementor-section-height-default elementor-section-height-default\" data-id=\"e71ce92\" data-element_type=\"section\" data-settings=\"{&quot;background_background&quot;:&quot;gradient&quot;}\">\n\t\t\t\t\t\t<div class=\"elementor-container elementor-column-gap-default\">\n\t\t\t\t\t<div class=\"elementor-column elementor-col-50 elementor-top-column elementor-element elementor-element-881d04b\" data-id=\"881d04b\" data-element_type=\"column\">\n\t\t\t<div class=\"elementor-widget-wrap elementor-element-populated\">\n\t\t\t\t\t\t<div class=\"elementor-element elementor-element-f94a978 elementor-widget elementor-widget-heading\" data-id=\"f94a978\" data-element_type=\"widget\" data-widget_type=\"heading.default\">\n\t\t\t\t<div class=\"elementor-widget-container\">\n\t\t\t\t\t<h4 class=\"elementor-heading-title elementor-size-default\">Contact with us<\/h4>\t\t\t\t<\/div>\n\t\t\t\t<\/div>\n\t\t\t\t<div class=\"elementor-element elementor-element-78b867d elementor-widget elementor-widget-heading\" data-id=\"78b867d\" data-element_type=\"widget\" data-widget_type=\"heading.default\">\n\t\t\t\t<div class=\"elementor-widget-container\">\n\t\t\t\t\t<div class=\"elementor-heading-title elementor-size-default\"> We are here to make your passion for horses come true:)<\/div>\t\t\t\t<\/div>\n\t\t\t\t<\/div>\n\t\t\t\t<div class=\"elementor-element elementor-element-c6be9c1 elementor-align-center elementor-icon-list--layout-traditional elementor-list-item-link-full_width elementor-widget elementor-widget-icon-list\" data-id=\"c6be9c1\" data-element_type=\"widget\" data-widget_type=\"icon-list.default\">\n\t\t\t\t<div class=\"elementor-widget-container\">\n\t\t\t\t\t\t\t<ul class=\"elementor-icon-list-items\">\n\t\t\t\t\t\t\t<li class=\"elementor-icon-list-item\">\n\t\t\t\t\t\t\t\t\t\t\t<a href=\"https:\/\/wa.me\/34646113356\" target=\"_blank\">\n\n\t\t\t\t\t\t\t\t\t\t\t\t<span class=\"elementor-icon-list-icon\">\n\t\t\t\t\t\t\t<i aria-hidden=\"true\" class=\"fab fa-whatsapp\"><\/i>\t\t\t\t\t\t<\/span>\n\t\t\t\t\t\t\t\t\t\t<span class=\"elementor-icon-list-text\">Click and book by WhatsApp<\/span>\n\t\t\t\t\t\t\t\t\t\t\t<\/a>\n\t\t\t\t\t\t\t\t\t<\/li>\n\t\t\t\t\t\t\t\t<li class=\"elementor-icon-list-item\">\n\t\t\t\t\t\t\t\t\t\t\t<a href=\"mailto:rwranchteam@gmail.com\" target=\"_blank\">\n\n\t\t\t\t\t\t\t\t\t\t\t\t<span class=\"elementor-icon-list-icon\">\n\t\t\t\t\t\t\t<i aria-hidden=\"true\" class=\"fas fa-mail-bulk\"><\/i>\t\t\t\t\t\t<\/span>\n\t\t\t\t\t\t\t\t\t\t<span class=\"elementor-icon-list-text\"> Would you prefer to write to us: rwranchteam@gmail.com<\/span>\n\t\t\t\t\t\t\t\t\t\t\t<\/a>\n\t\t\t\t\t\t\t\t\t<\/li>\n\t\t\t\t\t\t\t\t<li class=\"elementor-icon-list-item\">\n\t\t\t\t\t\t\t\t\t\t\t<a href=\"https:\/\/maps.app.goo.gl\/WZr6RtHGXghJy2DH6\" target=\"_blank\">\n\n\t\t\t\t\t\t\t\t\t\t\t\t<span class=\"elementor-icon-list-icon\">\n\t\t\t\t\t\t\t<i aria-hidden=\"true\" class=\"fas fa-map-marker-alt\"><\/i>\t\t\t\t\t\t<\/span>\n\t\t\t\t\t\t\t\t\t\t<span class=\"elementor-icon-list-text\">Ermita sn la, Ctra. de la Pobla de Montorn\u00e8s, Tarragona<\/span>\n\t\t\t\t\t\t\t\t\t\t\t<\/a>\n\t\t\t\t\t\t\t\t\t<\/li>\n\t\t\t\t\t\t<\/ul>\n\t\t\t\t\t\t<\/div>\n\t\t\t\t<\/div>\n\t\t\t\t<div class=\"elementor-element elementor-element-f5d0bd4 elementor-widget elementor-widget-heading\" data-id=\"f5d0bd4\" data-element_type=\"widget\" data-widget_type=\"heading.default\">\n\t\t\t\t<div class=\"elementor-widget-container\">\n\t\t\t\t\t<div class=\"elementor-heading-title elementor-size-default\">You can come and meet us anytime.<\/div>\t\t\t\t<\/div>\n\t\t\t\t<\/div>\n\t\t\t\t<div class=\"elementor-element elementor-element-ad715ee elementor-widget elementor-widget-image\" data-id=\"ad715ee\" data-element_type=\"widget\" data-widget_type=\"image.default\">\n\t\t\t\t<div class=\"elementor-widget-container\">\n\t\t\t\t\t\t\t\t\t\t\t\t\t\t\t<img fetchpriority=\"high\" decoding=\"async\" width=\"1024\" height=\"1024\" src=\"https:\/\/centrehipicranch.com\/wp-content\/uploads\/2025\/06\/IMG_7031-1024x1024.jpg\" class=\"attachment-large size-large wp-image-1833\" alt=\"\" srcset=\"https:\/\/centrehipicranch.com\/wp-content\/uploads\/2025\/06\/IMG_7031-1024x1024.jpg 1024w, https:\/\/centrehipicranch.com\/wp-content\/uploads\/2025\/06\/IMG_7031-300x300.jpg 300w, https:\/\/centrehipicranch.com\/wp-content\/uploads\/2025\/06\/IMG_7031-scaled-100x100.jpg 100w, https:\/\/centrehipicranch.com\/wp-content\/uploads\/2025\/06\/IMG_7031-scaled-600x600.jpg 600w, https:\/\/centrehipicranch.com\/wp-content\/uploads\/2025\/06\/IMG_7031-150x150.jpg 150w, https:\/\/centrehipicranch.com\/wp-content\/uploads\/2025\/06\/IMG_7031-768x768.jpg 768w, https:\/\/centrehipicranch.com\/wp-content\/uploads\/2025\/06\/IMG_7031-1536x1536.jpg 1536w, https:\/\/centrehipicranch.com\/wp-content\/uploads\/2025\/06\/IMG_7031-2048x2048.jpg 2048w\" sizes=\"(max-width: 1024px) 100vw, 1024px\" \/>\t\t\t\t\t\t\t\t\t\t\t\t\t\t\t<\/div>\n\t\t\t\t<\/div>\n\t\t\t\t\t<\/div>\n\t\t<\/div>\n\t\t\t\t<div class=\"elementor-column elementor-col-50 elementor-top-column elementor-element elementor-element-5f87b49\" data-id=\"5f87b49\" data-element_type=\"column\">\n\t\t\t<div class=\"elementor-widget-wrap elementor-element-populated\">\n\t\t\t\t\t\t<div class=\"elementor-element elementor-element-f6a5738 elementor-widget elementor-widget-heading\" data-id=\"f6a5738\" data-element_type=\"widget\" data-widget_type=\"heading.default\">\n\t\t\t\t<div class=\"elementor-widget-container\">\n\t\t\t\t\t<h4 class=\"elementor-heading-title elementor-size-default\">Tell me what you need \ud83d\ude42<\/h4>\t\t\t\t<\/div>\n\t\t\t\t<\/div>\n\t\t\t\t<div class=\"elementor-element elementor-element-073757c elementor-widget elementor-widget-text-editor\" data-id=\"073757c\" data-element_type=\"widget\" data-widget_type=\"text-editor.default\">\n\t\t\t\t<div class=\"elementor-widget-container\">\n\t\t\t\t\t\t\t\t\t<p>\n<div class=\"wpcf7 no-js\" id=\"wpcf7-f1608-o1\" lang=\"es-ES\" dir=\"ltr\" data-wpcf7-id=\"1608\">\n<div class=\"screen-reader-response\"><p role=\"status\" aria-live=\"polite\" aria-atomic=\"true\"><\/p> <ul><\/ul><\/div>\n<form action=\"\/en\/wp-json\/wp\/v2\/pages\/1548#wpcf7-f1608-o1\" method=\"post\" class=\"wpcf7-form init\" aria-label=\"Formulario de contacto\" novalidate=\"novalidate\" data-status=\"init\" data-trp-original-action=\"\/en\/wp-json\/wp\/v2\/pages\/1548#wpcf7-f1608-o1\">\n<fieldset class=\"hidden-fields-container\"><input type=\"hidden\" name=\"_wpcf7\" value=\"1608\" \/><input type=\"hidden\" name=\"_wpcf7_version\" value=\"6.1.5\" \/><input type=\"hidden\" name=\"_wpcf7_locale\" value=\"es_ES\" \/><input type=\"hidden\" name=\"_wpcf7_unit_tag\" value=\"wpcf7-f1608-o1\" \/><input type=\"hidden\" name=\"_wpcf7_container_post\" value=\"0\" \/><input type=\"hidden\" name=\"_wpcf7_posted_data_hash\" value=\"\" \/>\n<\/fieldset>\n<p><label> Your name * your name<br \/>\n<span class=\"wpcf7-form-control-wrap\" data-name=\"your-name\"><input size=\"40\" maxlength=\"400\" class=\"wpcf7-form-control wpcf7-text wpcf7-validates-as-required\" autocomplete=\"name\" aria-required=\"true\" aria-invalid=\"false\" value=\"\" type=\"text\" name=\"your-name\" \/><\/span><br \/>\n<\/label>\n<\/p>\n<p><label> Your e-mail address *<br \/>\n<span class=\"wpcf7-form-control-wrap\" data-name=\"your-email\"><input size=\"40\" maxlength=\"400\" class=\"wpcf7-form-control wpcf7-email wpcf7-validates-as-required wpcf7-text wpcf7-validates-as-email\" autocomplete=\"email\" aria-required=\"true\" aria-invalid=\"false\" value=\"\" type=\"email\" name=\"your-email\" \/><\/span><br \/>\n<\/label>\n<\/p>\n<p><label> Your phone number *<br \/>\n<span class=\"wpcf7-form-control-wrap\" data-name=\"your-phone\"><input size=\"40\" maxlength=\"400\" class=\"wpcf7-form-control wpcf7-tel wpcf7-validates-as-required wpcf7-text wpcf7-validates-as-tel\" autocomplete=\"tel\" aria-required=\"true\" aria-invalid=\"false\" value=\"\" type=\"tel\" name=\"your-phone\" \/><\/span><br \/>\n<\/label>\n<\/p>\n<p><label> Subject<br \/>\n<span class=\"wpcf7-form-control-wrap\" data-name=\"your-subject\"><input size=\"40\" maxlength=\"400\" class=\"wpcf7-form-control wpcf7-text\" aria-invalid=\"false\" value=\"\" type=\"text\" name=\"your-subject\" \/><\/span><br \/>\n<\/label>\n<\/p>\n<p><label> Your message *<br \/>\n<span class=\"wpcf7-form-control-wrap\" data-name=\"your-message\"><textarea cols=\"40\" rows=\"5\" maxlength=\"2000\" class=\"wpcf7-form-control wpcf7-textarea wpcf7-validates-as-required\" aria-required=\"true\" aria-invalid=\"false\" name=\"your-message\"><\/textarea><\/span><br \/>\n<\/label>\n<\/p>\n<p><input class=\"wpcf7-form-control wpcf7-submit has-spinner\" type=\"submit\" value=\"Send to\" \/>\n<\/p><input type='hidden' class='wpcf7-pum' value='{\"closepopup\":false,\"closedelay\":0,\"openpopup\":false,\"openpopup_id\":0}' \/><div class=\"wpcf7-response-output\" aria-hidden=\"true\"><\/div>\n<input type=\"hidden\" name=\"trp-form-language\" value=\"en\"\/><\/form>\n<\/div>\n<\/p>\t\t\t\t\t\t\t\t<\/div>\n\t\t\t\t<\/div>\n\t\t\t\t\t<\/div>\n\t\t<\/div>\n\t\t\t\t\t<\/div>\n\t\t<\/section>\n\t\t\t\t<\/div>","protected":false},"excerpt":{"rendered":"<p>Reserva tu Plaza! Contacta con nosotros Estamos aqu\u00ed para hacer realidad tu pasi\u00f3n por los caballos:) Haz clic y reserva por WhatsApp \u00bfPrefieres escribirnos?: rwranchteam@gmail.com Ermita sn la, Ctra. de la Pobla de Montorn\u00e8s, Tarragona Puedes venir a conocernos cuando quieras. Cu\u00e9ntame que necesitas \ud83d\ude42<\/p>","protected":false},"author":2,"featured_media":0,"parent":0,"menu_order":0,"comment_status":"closed","ping_status":"closed","template":"","meta":{"site-sidebar-layout":"no-sidebar","site-content-layout":"","ast-site-content-layout":"full-width-container","site-content-style":"default","site-sidebar-style":"default","ast-global-header-display":"","ast-banner-title-visibility":"","ast-main-header-display":"","ast-hfb-above-header-display":"","ast-hfb-below-header-display":"","ast-hfb-mobile-header-display":"","site-post-title":"disabled","ast-breadcrumbs-content":"","ast-featured-img":"disabled","footer-sml-layout":"","theme-transparent-header-meta":"default","adv-header-id-meta":"","stick-header-meta":"default","header-above-stick-meta":"","header-main-stick-meta":"","header-below-stick-meta":"","astra-migrate-meta-layouts":"set","ast-page-background-enabled":"default","ast-page-background-meta":{"desktop":{"background-color":"","background-image":"","background-repeat":"repeat","background-position":"center center","background-size":"auto","background-attachment":"scroll","background-type":"","background-media":"","overlay-type":"","overlay-color":"","overlay-opacity":"","overlay-gradient":""},"tablet":{"background-color":"","background-image":"","background-repeat":"repeat","background-position":"center center","background-size":"auto","background-attachment":"scroll","background-type":"","background-media":"","overlay-type":"","overlay-color":"","overlay-opacity":"","overlay-gradient":""},"mobile":{"background-color":"","background-image":"","background-repeat":"repeat","background-position":"center center","background-size":"auto","background-attachment":"scroll","background-type":"","background-media":"","overlay-type":"","overlay-color":"","overlay-opacity":"","overlay-gradient":""}},"ast-content-background-meta":{"desktop":{"background-color":"var(--ast-global-color-5)","background-image":"","background-repeat":"repeat","background-position":"center center","background-size":"auto","background-attachment":"scroll","background-type":"","background-media":"","overlay-type":"","overlay-color":"","overlay-opacity":"","overlay-gradient":""},"tablet":{"background-color":"var(--ast-global-color-5)","background-image":"","background-repeat":"repeat","background-position":"center center","background-size":"auto","background-attachment":"scroll","background-type":"","background-media":"","overlay-type":"","overlay-color":"","overlay-opacity":"","overlay-gradient":""},"mobile":{"background-color":"var(--ast-global-color-5)","background-image":"","background-repeat":"repeat","background-position":"center center","background-size":"auto","background-attachment":"scroll","background-type":"","background-media":"","overlay-type":"","overlay-color":"","overlay-opacity":"","overlay-gradient":""}},"footnotes":""},"class_list":["post-1548","page","type-page","status-publish","hentry"],"yoast_head":"<!-- This site is optimized with the Yoast SEO plugin v27.2 - https:\/\/yoast.com\/product\/yoast-seo-wordpress\/ -->\n<title>Reserva - Centre H\u00edpic Ranch<\/title>\n<meta name=\"robots\" content=\"index, follow, max-snippet:-1, max-image-preview:large, max-video-preview:-1\" \/>\n<link rel=\"canonical\" href=\"https:\/\/centrehipicranch.com\/en\/reserva\/\" \/>\n<meta property=\"og:locale\" content=\"en_US\" \/>\n<meta property=\"og:type\" content=\"article\" \/>\n<meta property=\"og:title\" content=\"Reserva - Centre H\u00edpic Ranch\" \/>\n<meta property=\"og:description\" content=\"Reserva tu Plaza! Contacta con nosotros Estamos aqu\u00ed para hacer realidad tu pasi\u00f3n por los caballos:) Haz clic y reserva por WhatsApp \u00bfPrefieres escribirnos?: rwranchteam@gmail.com Ermita sn la, Ctra. de la Pobla de Montorn\u00e8s, Tarragona Puedes venir a conocernos cuando quieras. Cu\u00e9ntame que necesitas \ud83d\ude42\" \/>\n<meta property=\"og:url\" content=\"https:\/\/centrehipicranch.com\/en\/reserva\/\" \/>\n<meta property=\"og:site_name\" content=\"Centre H\u00edpic Ranch\" \/>\n<meta property=\"article:publisher\" content=\"https:\/\/www.facebook.com\/RWRanchTeam\/\" \/>\n<meta property=\"article:modified_time\" content=\"2025-06-12T19:31:46+00:00\" \/>\n<meta name=\"twitter:card\" content=\"summary_large_image\" \/>\n<script type=\"application\/ld+json\" class=\"yoast-schema-graph\">{\"@context\":\"https:\/\/schema.org\",\"@graph\":[{\"@type\":\"WebPage\",\"@id\":\"https:\/\/centrehipicranch.com\/reserva\/\",\"url\":\"https:\/\/centrehipicranch.com\/reserva\/\",\"name\":\"Reserva - Centre H\u00edpic Ranch\",\"isPartOf\":{\"@id\":\"https:\/\/centrehipicranch.com\/#website\"},\"primaryImageOfPage\":{\"@id\":\"https:\/\/centrehipicranch.com\/reserva\/#primaryimage\"},\"image\":{\"@id\":\"https:\/\/centrehipicranch.com\/reserva\/#primaryimage\"},\"thumbnailUrl\":\"https:\/\/centrehipicranch.com\/wp-content\/uploads\/2025\/06\/IMG_7031-1024x1024.jpg\",\"datePublished\":\"2025-03-03T12:06:11+00:00\",\"dateModified\":\"2025-06-12T19:31:46+00:00\",\"breadcrumb\":{\"@id\":\"https:\/\/centrehipicranch.com\/reserva\/#breadcrumb\"},\"inLanguage\":\"en-US\",\"potentialAction\":[{\"@type\":\"ReadAction\",\"target\":[\"https:\/\/centrehipicranch.com\/reserva\/\"]}]},{\"@type\":\"ImageObject\",\"inLanguage\":\"en-US\",\"@id\":\"https:\/\/centrehipicranch.com\/reserva\/#primaryimage\",\"url\":\"https:\/\/centrehipicranch.com\/wp-content\/uploads\/2025\/06\/IMG_7031-1024x1024.jpg\",\"contentUrl\":\"https:\/\/centrehipicranch.com\/wp-content\/uploads\/2025\/06\/IMG_7031-1024x1024.jpg\"},{\"@type\":\"BreadcrumbList\",\"@id\":\"https:\/\/centrehipicranch.com\/reserva\/#breadcrumb\",\"itemListElement\":[{\"@type\":\"ListItem\",\"position\":1,\"name\":\"Portada\",\"item\":\"https:\/\/centrehipicranch.com\/\"},{\"@type\":\"ListItem\",\"position\":2,\"name\":\"Reserva\"}]},{\"@type\":\"WebSite\",\"@id\":\"https:\/\/centrehipicranch.com\/#website\",\"url\":\"https:\/\/centrehipicranch.com\/\",\"name\":\"Centre H\u00edpic Ranch\",\"description\":\"\",\"publisher\":{\"@id\":\"https:\/\/centrehipicranch.com\/#organization\"},\"potentialAction\":[{\"@type\":\"SearchAction\",\"target\":{\"@type\":\"EntryPoint\",\"urlTemplate\":\"https:\/\/centrehipicranch.com\/?s={search_term_string}\"},\"query-input\":{\"@type\":\"PropertyValueSpecification\",\"valueRequired\":true,\"valueName\":\"search_term_string\"}}],\"inLanguage\":\"en-US\"},{\"@type\":\"Organization\",\"@id\":\"https:\/\/centrehipicranch.com\/#organization\",\"name\":\"Centre H\u00edpic Ranch\",\"url\":\"https:\/\/centrehipicranch.com\/\",\"logo\":{\"@type\":\"ImageObject\",\"inLanguage\":\"en-US\",\"@id\":\"https:\/\/centrehipicranch.com\/#\/schema\/logo\/image\/\",\"url\":\"https:\/\/centrehipicranch.com\/wp-content\/uploads\/2025\/03\/Logo.png\",\"contentUrl\":\"https:\/\/centrehipicranch.com\/wp-content\/uploads\/2025\/03\/Logo.png\",\"width\":587,\"height\":425,\"caption\":\"Centre H\u00edpic Ranch\"},\"image\":{\"@id\":\"https:\/\/centrehipicranch.com\/#\/schema\/logo\/image\/\"},\"sameAs\":[\"https:\/\/www.facebook.com\/RWRanchTeam\/\"]}]}<\/script>\n<!-- \/ Yoast SEO plugin. -->","yoast_head_json":{"title":"Reserva - Centre H\u00edpic Ranch","robots":{"index":"index","follow":"follow","max-snippet":"max-snippet:-1","max-image-preview":"max-image-preview:large","max-video-preview":"max-video-preview:-1"},"canonical":"https:\/\/centrehipicranch.com\/en\/reserva\/","og_locale":"en_US","og_type":"article","og_title":"Reserva - Centre H\u00edpic Ranch","og_description":"Reserva tu Plaza! Contacta con nosotros Estamos aqu\u00ed para hacer realidad tu pasi\u00f3n por los caballos:) Haz clic y reserva por WhatsApp \u00bfPrefieres escribirnos?: rwranchteam@gmail.com Ermita sn la, Ctra. de la Pobla de Montorn\u00e8s, Tarragona Puedes venir a conocernos cuando quieras. Cu\u00e9ntame que necesitas \ud83d\ude42","og_url":"https:\/\/centrehipicranch.com\/en\/reserva\/","og_site_name":"Centre H\u00edpic Ranch","article_publisher":"https:\/\/www.facebook.com\/RWRanchTeam\/","article_modified_time":"2025-06-12T19:31:46+00:00","twitter_card":"summary_large_image","schema":{"@context":"https:\/\/schema.org","@graph":[{"@type":"WebPage","@id":"https:\/\/centrehipicranch.com\/reserva\/","url":"https:\/\/centrehipicranch.com\/reserva\/","name":"Reserva - Centre H\u00edpic Ranch","isPartOf":{"@id":"https:\/\/centrehipicranch.com\/#website"},"primaryImageOfPage":{"@id":"https:\/\/centrehipicranch.com\/reserva\/#primaryimage"},"image":{"@id":"https:\/\/centrehipicranch.com\/reserva\/#primaryimage"},"thumbnailUrl":"https:\/\/centrehipicranch.com\/wp-content\/uploads\/2025\/06\/IMG_7031-1024x1024.jpg","datePublished":"2025-03-03T12:06:11+00:00","dateModified":"2025-06-12T19:31:46+00:00","breadcrumb":{"@id":"https:\/\/centrehipicranch.com\/reserva\/#breadcrumb"},"inLanguage":"en-US","potentialAction":[{"@type":"ReadAction","target":["https:\/\/centrehipicranch.com\/reserva\/"]}]},{"@type":"ImageObject","inLanguage":"en-US","@id":"https:\/\/centrehipicranch.com\/reserva\/#primaryimage","url":"https:\/\/centrehipicranch.com\/wp-content\/uploads\/2025\/06\/IMG_7031-1024x1024.jpg","contentUrl":"https:\/\/centrehipicranch.com\/wp-content\/uploads\/2025\/06\/IMG_7031-1024x1024.jpg"},{"@type":"BreadcrumbList","@id":"https:\/\/centrehipicranch.com\/reserva\/#breadcrumb","itemListElement":[{"@type":"ListItem","position":1,"name":"Portada","item":"https:\/\/centrehipicranch.com\/"},{"@type":"ListItem","position":2,"name":"Reserva"}]},{"@type":"WebSite","@id":"https:\/\/centrehipicranch.com\/#website","url":"https:\/\/centrehipicranch.com\/","name":"Centre H\u00edpic Ranch","description":"","publisher":{"@id":"https:\/\/centrehipicranch.com\/#organization"},"potentialAction":[{"@type":"SearchAction","target":{"@type":"EntryPoint","urlTemplate":"https:\/\/centrehipicranch.com\/?s={search_term_string}"},"query-input":{"@type":"PropertyValueSpecification","valueRequired":true,"valueName":"search_term_string"}}],"inLanguage":"en-US"},{"@type":"Organization","@id":"https:\/\/centrehipicranch.com\/#organization","name":"Centre H\u00edpic Ranch","url":"https:\/\/centrehipicranch.com\/","logo":{"@type":"ImageObject","inLanguage":"en-US","@id":"https:\/\/centrehipicranch.com\/#\/schema\/logo\/image\/","url":"https:\/\/centrehipicranch.com\/wp-content\/uploads\/2025\/03\/Logo.png","contentUrl":"https:\/\/centrehipicranch.com\/wp-content\/uploads\/2025\/03\/Logo.png","width":587,"height":425,"caption":"Centre H\u00edpic Ranch"},"image":{"@id":"https:\/\/centrehipicranch.com\/#\/schema\/logo\/image\/"},"sameAs":["https:\/\/www.facebook.com\/RWRanchTeam\/"]}]}},"_links":{"self":[{"href":"https:\/\/centrehipicranch.com\/en\/wp-json\/wp\/v2\/pages\/1548","targetHints":{"allow":["GET"]}}],"collection":[{"href":"https:\/\/centrehipicranch.com\/en\/wp-json\/wp\/v2\/pages"}],"about":[{"href":"https:\/\/centrehipicranch.com\/en\/wp-json\/wp\/v2\/types\/page"}],"author":[{"embeddable":true,"href":"https:\/\/centrehipicranch.com\/en\/wp-json\/wp\/v2\/users\/2"}],"replies":[{"embeddable":true,"href":"https:\/\/centrehipicranch.com\/en\/wp-json\/wp\/v2\/comments?post=1548"}],"version-history":[{"count":41,"href":"https:\/\/centrehipicranch.com\/en\/wp-json\/wp\/v2\/pages\/1548\/revisions"}],"predecessor-version":[{"id":2292,"href":"https:\/\/centrehipicranch.com\/en\/wp-json\/wp\/v2\/pages\/1548\/revisions\/2292"}],"wp:attachment":[{"href":"https:\/\/centrehipicranch.com\/en\/wp-json\/wp\/v2\/media?parent=1548"}],"curies":[{"name":"wp","href":"https:\/\/api.w.org\/{rel}","templated":true}]}}